{"id":89319,"date":"2024-08-28T00:59:42","date_gmt":"2024-08-27T21:59:42","guid":{"rendered":"https:\/\/corludahaber.com\/h\/?page_id=89319"},"modified":"2024-09-21T23:29:32","modified_gmt":"2024-09-21T20:29:32","slug":"ucretsiz-canva","status":"publish","type":"page","link":"https:\/\/corludahaber.com\/h\/ucretsiz-canva","title":{"rendered":"\u00dccretsiz Canva, Free Canva, \u0643\u0627\u0646\u0641\u0627 \u0645\u062c\u0627\u0646\u064a, \u09ab\u09cd\u09b0\u09bf \u0995\u09cd\u09af\u09be\u09a8\u09ad\u09be, Kostenloses Canva \u2764\ufe0f"},"content":{"rendered":"<div class=\"corlu-icerikten-once_3\" id=\"corlu-2847599836\"><script type='text\/javascript' src='https:\/\/platform-api.sharethis.com\/js\/sharethis.js#property=5ce8cf08af7d000012cb0ca1&product=inline-reaction-buttons' async='async'><\/script>\r\n\r\n<\/div><p>Merhaba, telegram kanal\u0131m\u0131zdan buraya y\u00f6nlendrildiniz. \u00dccretsiz Canva davet ba\u011flant\u0131s\u0131 almak i\u00e7in a\u015fa\u011f\u0131da bulunan butona bas\u0131n. \u00dccretsiz verdi\u011fimiz bu hizmet i\u00e7in sizden herhangi bir para talep etmiyoruz. Sadece reklama t\u0131klayarak bize destek olun. <a href=\"https:\/\/ajanscorlu.com.tr\/\">Ajans \u00c7orlu<\/a>&#8216;yu seviyoruz \u2764\ufe0f<\/p><div class=\"corlu-icerik-2\" id=\"corlu-2100052505\"><!-- Admatic AUTO ads START -->\r\n<ins data-publisher=\"adm-pub-155556240050\" data-ad-network=\"659428a24d11b285b616c18d\"   class=\"adm-ads-area\"><\/ins>\r\n<script type=\"text\/javascript\" src=\"https:\/\/static.cdn.admatic.com.tr\/showad\/showad.min.js\"><\/script>\r\n<!-- Admatic AUTO ads END --><\/div>\n<p><ins class=\"adm-ads-area\" data-publisher=\"adm-pub-155556240050\" data-ad-network=\"659428a24d11b285b616c18d\" data-ad-size=\"[[300, 250]]\"><\/ins><br \/>\n<script type=\"text\/javascript\" src=\"https:\/\/static.cdn.admatic.com.tr\/showad\/showad.min.js\"><\/script><br \/>\n<!-- Admatic STANDARD ads END --><\/p>\n<div>\n<p>Hello, you have been redirected here from our Telegram channel. To get a free Canva invitation link, click the button below. We do not charge you any money for this free service. Just support us by clicking on the ad. We love <a href=\"https:\/\/ajanscorlu.com.tr\/\">Ajans \u00c7orlu<\/a> \u2764\ufe0f<\/p>\n<p><!-- Admatic STANDARD ads START --><br \/>\n<ins class=\"adm-ads-area\" data-publisher=\"adm-pub-155556240050\" data-ad-network=\"659428a24d11b285b616c18d\" data-ad-size=\"[[300, 250]]\"><\/ins><br \/>\n<script type=\"text\/javascript\" src=\"https:\/\/static.cdn.admatic.com.tr\/showad\/showad.min.js\"><\/script><br \/>\n<!-- Admatic STANDARD ads END --><\/p>\n<p>\u0645\u0631\u062d\u0628\u064b\u0627 \u060c \u0644\u0642\u062f \u062a\u0645 \u062a\u0648\u062c\u064a\u0647\u0643 \u0625\u0644\u0649 \u0647\u0646\u0627 \u0645\u0646 \u0642\u0646\u0627\u062a\u0646\u0627 \u0639\u0644\u0649 Telegram. \u0644\u0644\u062d\u0635\u0648\u0644 \u0639\u0644\u0649 \u0631\u0627\u0628\u0637 \u062f\u0639\u0648\u0629 Canva \u0645\u062c\u0627\u0646\u064a \u060c \u0627\u0646\u0642\u0631 \u0641\u0648\u0642 \u0627\u0644\u0632\u0631 \u0623\u062f\u0646\u0627\u0647. \u0644\u0627 \u0646\u0641\u0631\u0636 \u0639\u0644\u064a\u0643 \u0623\u064a \u0631\u0633\u0648\u0645 \u0645\u0642\u0627\u0628\u0644 \u0647\u0630\u0647 \u0627\u0644\u062e\u062f\u0645\u0629 \u0627\u0644\u0645\u062c\u0627\u0646\u064a\u0629. \u0641\u0642\u0637 \u0627\u062f\u0639\u0645\u0646\u0627 \u0628\u0627\u0644\u0646\u0642\u0631 \u0639\u0644\u0649 \u0627\u0644\u0625\u0639\u0644\u0627\u0646. \u0646\u062d\u0646 \u0646\u062d\u0628 <a href=\"https:\/\/ajanscorlu.com.tr\/\">Ajans \u00c7orlu<\/a> \u2764\ufe0f<\/p>\n\n<!-- Admatic STANDARD ads START --><br \/>\n<ins class=\"adm-ads-area\" data-publisher=\"adm-pub-155556240050\" data-ad-network=\"659428a24d11b285b616c18d\" data-ad-size=\"[[300, 250]]\"><\/ins><br \/>\n<script type=\"text\/javascript\" src=\"https:\/\/static.cdn.admatic.com.tr\/showad\/showad.min.js\"><\/script><br \/>\n<!-- Admatic STANDARD ads END --><\/p>\n<p>\u09b9\u09cd\u09af\u09be\u09b2\u09cb, \u0986\u09aa\u09a8\u09be\u0995\u09c7 \u0986\u09ae\u09be\u09a6\u09c7\u09b0 \u099f\u09c7\u09b2\u09bf\u0997\u09cd\u09b0\u09be\u09ae \u099a\u09cd\u09af\u09be\u09a8\u09c7\u09b2 \u09a5\u09c7\u0995\u09c7 \u098f\u0996\u09be\u09a8\u09c7 \u09b0\u09bf\u09a1\u09be\u0987\u09b0\u09c7\u0995\u09cd\u099f \u0995\u09b0\u09be \u09b9\u09af\u09bc\u09c7\u099b\u09c7\u0964 \u09ac\u09bf\u09a8\u09be\u09ae\u09c2\u09b2\u09cd\u09af\u09c7 Canva \u0986\u09ae\u09a8\u09cd\u09a4\u09cd\u09b0\u09a3\u09c7\u09b0 \u09b2\u09bf\u0999\u09cd\u0995 \u09aa\u09c7\u09a4\u09c7 \u09a8\u09c0\u099a\u09c7\u09b0 \u09ac\u09cb\u09a4\u09be\u09ae\u09c7 \u0995\u09cd\u09b2\u09bf\u0995 \u0995\u09b0\u09c1\u09a8\u0964 \u098f\u0987 \u09ac\u09bf\u09a8\u09be\u09ae\u09c2\u09b2\u09cd\u09af\u09c7 \u09b8\u09c7\u09ac\u09be\u09b0 \u099c\u09a8\u09cd\u09af \u0986\u09ae\u09b0\u09be \u0986\u09aa\u09a8\u09be\u0995\u09c7 \u0995\u09cb\u09a8\u09cb \u099f\u09be\u0995\u09be \u09a6\u09be\u09ac\u09bf \u0995\u09b0\u09bf \u09a8\u09be\u0964 \u09b6\u09c1\u09a7\u09c1 \u09ac\u09bf\u099c\u09cd\u099e\u09be\u09aa\u09a8\u09c7 \u0995\u09cd\u09b2\u09bf\u0995 \u0995\u09b0\u09c7 \u0986\u09ae\u09be\u09a6\u09c7\u09b0 \u09b8\u09ae\u09b0\u09cd\u09a5\u09a8 \u0995\u09b0\u09c1\u09a8\u0964 \u0986\u09ae\u09b0\u09be <a href=\"https:\/\/ajanscorlu.com.tr\/\">Ajans \u00c7orlu<\/a> \u0995\u09c7 \u09ad\u09be\u09b2\u09cb\u09ac\u09be\u09b8\u09bf \u2764\ufe0f<\/p>\n<p><!-- Admatic STANDARD ads START --><br \/>\n<ins class=\"adm-ads-area\" data-publisher=\"adm-pub-155556240050\" data-ad-network=\"659428a24d11b285b616c18d\" data-ad-size=\"[[300, 250]]\"><\/ins><br \/>\n<script type=\"text\/javascript\" src=\"https:\/\/static.cdn.admatic.com.tr\/showad\/showad.min.js\"><\/script><br \/>\n<!-- Admatic STANDARD ads END --><\/p>\n<p>Hallo, Sie wurden von unserem Telegram-Kanal hierher weitergeleitet. Um einen kostenlosen Canva-Einladungslink zu erhalten, klicken Sie unten auf die Schaltfl\u00e4che. F\u00fcr diesen kostenlosen Service berechnen wir Ihnen kein Geld. Unterst\u00fctzen Sie uns einfach, indem Sie auf die Anzeige klicken. Wir lieben <a href=\"https:\/\/ajanscorlu.com.tr\/\">Ajans \u00c7orlu<\/a> \u2764\ufe0f<\/p>\n<p><!-- Admatic AUTO ads START --><br \/>\n<ins class=\"adm-ads-area\" data-publisher=\"adm-pub-155556240050\" data-ad-network=\"659428a24d11b285b616c18d\"><\/ins><br \/>\n<script type=\"text\/javascript\" src=\"https:\/\/static.cdn.admatic.com.tr\/showad\/showad.min.js\"><\/script><br \/>\n<!-- Admatic AUTO ads END --><\/p>\n<\/div>\n<blockquote><p><span style=\"color: #ff0000;\"><b>Canva davet kodu almak i\u00e7in a\u015fa\u011f\u0131da bulunan adrese t\u0131klay\u0131n\u0131z. Canva davet kodu 4 saate 1 otomatik yenilenecektir. \/\u00a0Click on the address below to get a Canva invitation code. The Canva invitation code will automatically renew every 4 hours.<\/b><\/span><\/p>\n<p style=\"padding-left: 40px;\"><div data-cfpa=\"90597\" data-cfpw=\"90597\" data-cfph=\"{&quot;_4&quot;:1}\" id=\"corlu-1292372368\"><h3><em><strong><span style=\"color: #ffff00;\"><a style=\"color: #ffff00;\" href=\"https:\/\/www.canva.com\/brand\/join?token=_Ol7cR7YiVEHpZP5AKvHzQ&amp;brandingVariant=edu&amp;referrer=team-invite\">\u00dccretsiz Davet Kodu \u0130\u00e7in T\u0131klay\u0131n\u0131z \/ Click for Free Invitation Code <\/a><\/span><\/strong><\/em><\/h3>\n<p><!-- Admatic STANDARD ads START --><br \/>\n<ins class=\"adm-ads-area\" data-publisher=\"adm-pub-155556240050\" data-ad-network=\"659428a24d11b285b616c18d\" data-ad-size=\"[[300, 250]]\"><\/ins><br \/>\n<script type=\"text\/javascript\" src=\"https:\/\/static.cdn.admatic.com.tr\/showad\/showad.min.js\"><\/script><br \/>\n<!-- Admatic STANDARD ads END --><\/p>\n<\/div><script type=\"text\/javascript\">;new advadsCfpAd( 90597 );<\/script>\n<\/blockquote>\n<p><!-- Admatic AUTO ads START --><br \/>\n<ins class=\"adm-ads-area\" data-publisher=\"adm-pub-155556240050\" data-ad-network=\"659428a24d11b285b616c18d\"><\/ins><br \/>\n<script type=\"text\/javascript\" src=\"https:\/\/static.cdn.admatic.com.tr\/showad\/showad.min.js\"><\/script><br \/>\n<!-- Admatic AUTO ads END --><\/p>\n<p><!-- Admatic AUTO ads START --><br \/>\n<ins class=\"adm-ads-area\" data-publisher=\"adm-pub-155556240050\" data-ad-network=\"659428a24d11b285b616c18d\"><\/ins><br \/>\n<script type=\"text\/javascript\" src=\"https:\/\/static.cdn.admatic.com.tr\/showad\/showad.min.js\"><\/script><br \/>\n<!-- Admatic AUTO ads END --><\/p>\n\n\n<p><!-- Admatic IMAGEPLUS ads START --><br \/>\n<ins class=\"adm-ads-area\" data-publisher=\"adm-pub-155556240050\" data-ad-network=\"659428a24d11b285b616c18d\" data-ad-type-id=\"295462127\"><\/ins><br \/>\n<script type=\"text\/javascript\" src=\"https:\/\/static.cdn.admatic.com.tr\/showad\/showad.min.js\"><\/script><br \/>\n<!-- Admatic IMAGEPLUS ads END --><\/p>\n<p><!-- Admatic FULLPAGE ads START --><br \/>\n<ins class=\"adm-ads-area\" data-publisher=\"adm-pub-155556240050\" data-ad-network=\"659428a24d11b285b616c18d\" data-ad-type-id=\"861232397\"><\/ins><br \/>\n<script type=\"text\/javascript\" src=\"https:\/\/static.cdn.admatic.com.tr\/showad\/showad.min.js\"><\/script><br \/>\n<!-- Admatic FULLPAGE ads END --><\/p>\n<div class=\"corlu-icerikten-sonra_3\" id=\"corlu-3949717332\"><p><img loading=\"lazy\" decoding=\"async\" class=\"aligncenter\" src=\"https:\/\/www.corludahaber.com\/bahcesehir.jpg\" alt=\"\" width=\"624\" height=\"196\" \/><\/p>\n<table style=\"text-align: left; width: 100%;\" border=\"1\" cellspacing=\"2\" cellpadding=\"2\">\n<tbody>\n<tr>\n<td style=\"background-color: #050805;\"><span style=\"font-size: 12pt;\"><small><small><em><strong><big><span style=\"color: #ff0000;\">Haber ve resimlerin telif haklar\u0131ndan dolay\u0131 kullan\u0131m\u0131 yasakt\u0131r<span style=\"color: #000000;\">.<\/span><\/span><span style=\"color: #000000;\">\u00a0<\/span><span style=\"color: #ffffff;\">Yaz\u0131l\u0131 izni al\u0131nmadan hi\u00e7bir yaz\u0131l\u0131, g\u00f6rsel, i\u015fitsel i\u00e7erik kopyalanamaz, de\u011fi\u015ftirilemez, yay\u0131nlanamaz veya sat\u0131lamaz. Aksi halde<\/span>\u00a0<span style=\"color: #ff0000;\">5846<span style=\"color: #ffffff;\">\u00a0<\/span><\/span><span style=\"color: #ffffff;\">say\u0131l\u0131 Fikir ve Sanat Eserleri Kanunu\u2019na ve<\/span>\u00a0<span style=\"color: #800000;\"><span style=\"color: #ff0000;\">6102<\/span><span style=\"color: #ffffff;\">\u00a0<\/span><\/span><span style=\"color: #ffffff;\">say\u0131l\u0131 maddesine g\u00f6re<\/span>\u00a0<span style=\"color: #ff0000;\">gerekli i\u015flemler uygulanacakt\u0131r.<\/span><br \/>\n<span style=\"color: #ffffff;\">\u00a9 Copyright 2014<\/span><\/big><\/strong><\/em><\/small><\/small><\/span><\/td>\n<\/tr>\n<\/tbody>\n<\/table>\n<p><small><small>\u00a0<\/small><\/small><\/p>\n<\/div>","protected":false},"excerpt":{"rendered":"<p>Merhaba, telegram kanal\u0131m\u0131zdan buraya y\u00f6nlendrildiniz. \u00dccretsiz Canva davet ba\u011flant\u0131s\u0131 almak i\u00e7in a\u015fa\u011f\u0131da bulunan butona bas\u0131n. \u00dccretsiz verdi\u011fimiz bu hizmet i\u00e7in sizden herhangi bir para talep etmiyoruz. Sadece reklama t\u0131klayarak bize destek olun. Ajans \u00c7orlu&#8216;yu seviyoruz \u2764\ufe0f Hello, you have been redirected here from our Telegram channel. To get a free Canva invitation link, click the &hellip;<\/p>\n","protected":false},"author":151,"featured_media":89217,"parent":0,"menu_order":0,"comment_status":"closed","ping_status":"closed","template":"","meta":{"footnotes":""},"class_list":["post-89319","page","type-page","status-publish","has-post-thumbnail","hentry"],"yoast_head":"<!-- This site is optimized with the Yoast SEO Premium plugin v23.3 (Yoast SEO v23.3) - https:\/\/yoast.com\/wordpress\/plugins\/seo\/ -->\n<title>\u00dccretsiz Canva, Free Canva, \u0643\u0627\u0646\u0641\u0627 \u0645\u062c\u0627\u0646\u064a, \u09ab\u09cd\u09b0\u09bf \u0995\u09cd\u09af\u09be\u09a8\u09ad\u09be, Kostenloses Canva \u2764\ufe0f | \u00c7orlu&#039;da Haber<\/title>\n<meta name=\"robots\" content=\"index, follow, max-snippet:-1, max-image-preview:large, max-video-preview:-1\" \/>\n<link rel=\"canonical\" href=\"https:\/\/corludahaber.com\/h\/ucretsiz-canva\" \/>\n<meta property=\"og:locale\" content=\"tr_TR\" \/>\n<meta property=\"og:type\" content=\"article\" \/>\n<meta property=\"og:title\" content=\"\u00dccretsiz Canva, Free Canva, \u0643\u0627\u0646\u0641\u0627 \u0645\u062c\u0627\u0646\u064a, \u09ab\u09cd\u09b0\u09bf \u0995\u09cd\u09af\u09be\u09a8\u09ad\u09be, Kostenloses Canva \u2764\ufe0f\" \/>\n<meta property=\"og:description\" content=\"Merhaba, telegram kanal\u0131m\u0131zdan buraya y\u00f6nlendrildiniz. \u00dccretsiz Canva davet ba\u011flant\u0131s\u0131 almak i\u00e7in a\u015fa\u011f\u0131da bulunan butona bas\u0131n. \u00dccretsiz verdi\u011fimiz bu hizmet i\u00e7in sizden herhangi bir para talep etmiyoruz. Sadece reklama t\u0131klayarak bize destek olun. Ajans \u00c7orlu&#8216;yu seviyoruz \u2764\ufe0f Hello, you have been redirected here from our Telegram channel. To get a free Canva invitation link, click the &hellip;\" \/>\n<meta property=\"og:url\" content=\"https:\/\/corludahaber.com\/h\/ucretsiz-canva\" \/>\n<meta property=\"og:site_name\" content=\"\u00c7orlu&#039;da Haber\" \/>\n<meta property=\"article:publisher\" content=\"https:\/\/facebook.com\/habercorluda\" \/>\n<meta property=\"article:modified_time\" content=\"2024-09-21T20:29:32+00:00\" \/>\n<meta property=\"og:image\" content=\"https:\/\/corludahaber.com\/h\/wp-content\/uploads\/2024\/08\/images-5-3-jpeg.webp\" \/>\n\t<meta property=\"og:image:width\" content=\"739\" \/>\n\t<meta property=\"og:image:height\" content=\"415\" \/>\n\t<meta property=\"og:image:type\" content=\"image\/jpeg\" \/>\n<meta name=\"twitter:card\" content=\"summary_large_image\" \/>\n<meta name=\"twitter:site\" content=\"@habercorluda\" \/>\n<meta name=\"twitter:label1\" content=\"Tahmini okuma s\u00fcresi\" \/>\n\t<meta name=\"twitter:data1\" content=\"2 dakika\" \/>\n<script type=\"application\/ld+json\" class=\"yoast-schema-graph\">{\"@context\":\"https:\/\/schema.org\",\"@graph\":[{\"@type\":\"WebPage\",\"@id\":\"https:\/\/corludahaber.com\/h\/ucretsiz-canva\",\"url\":\"https:\/\/corludahaber.com\/h\/ucretsiz-canva\",\"name\":\"\u00dccretsiz Canva, Free Canva, \u0643\u0627\u0646\u0641\u0627 \u0645\u062c\u0627\u0646\u064a, \u09ab\u09cd\u09b0\u09bf \u0995\u09cd\u09af\u09be\u09a8\u09ad\u09be, Kostenloses Canva \u2764\ufe0f | \u00c7orlu&#039;da Haber\",\"isPartOf\":{\"@id\":\"https:\/\/corludahaber.com\/h\/#website\"},\"primaryImageOfPage\":{\"@id\":\"https:\/\/corludahaber.com\/h\/ucretsiz-canva#primaryimage\"},\"image\":{\"@id\":\"https:\/\/corludahaber.com\/h\/ucretsiz-canva#primaryimage\"},\"thumbnailUrl\":\"https:\/\/corludahaber.com\/h\/wp-content\/uploads\/2024\/08\/images-5-3-jpeg.webp\",\"datePublished\":\"2024-08-27T21:59:42+00:00\",\"dateModified\":\"2024-09-21T20:29:32+00:00\",\"breadcrumb\":{\"@id\":\"https:\/\/corludahaber.com\/h\/ucretsiz-canva#breadcrumb\"},\"inLanguage\":\"tr\",\"potentialAction\":[{\"@type\":\"ReadAction\",\"target\":[\"https:\/\/corludahaber.com\/h\/ucretsiz-canva\"]}]},{\"@type\":\"ImageObject\",\"inLanguage\":\"tr\",\"@id\":\"https:\/\/corludahaber.com\/h\/ucretsiz-canva#primaryimage\",\"url\":\"https:\/\/corludahaber.com\/h\/wp-content\/uploads\/2024\/08\/images-5-3-jpeg.webp\",\"contentUrl\":\"https:\/\/corludahaber.com\/h\/wp-content\/uploads\/2024\/08\/images-5-3-jpeg.webp\",\"width\":739,\"height\":415},{\"@type\":\"BreadcrumbList\",\"@id\":\"https:\/\/corludahaber.com\/h\/ucretsiz-canva#breadcrumb\",\"itemListElement\":[{\"@type\":\"ListItem\",\"position\":1,\"name\":\"Anasayfa\",\"item\":\"https:\/\/corludahaber.com\/h\/\"},{\"@type\":\"ListItem\",\"position\":2,\"name\":\"\u00dccretsiz Canva, Free Canva, \u0643\u0627\u0646\u0641\u0627 \u0645\u062c\u0627\u0646\u064a, \u09ab\u09cd\u09b0\u09bf \u0995\u09cd\u09af\u09be\u09a8\u09ad\u09be, Kostenloses Canva \u2764\ufe0f\"}]},{\"@type\":\"WebSite\",\"@id\":\"https:\/\/corludahaber.com\/h\/#website\",\"url\":\"https:\/\/corludahaber.com\/h\/\",\"name\":\"\u00c7orlu'da Haber\",\"description\":\"Ger\u00e7ek Tarafs\u0131z Haber\",\"publisher\":{\"@id\":\"https:\/\/corludahaber.com\/h\/#organization\"},\"potentialAction\":[{\"@type\":\"SearchAction\",\"target\":{\"@type\":\"EntryPoint\",\"urlTemplate\":\"https:\/\/corludahaber.com\/h\/?s={search_term_string}\"},\"query-input\":\"required name=search_term_string\"}],\"inLanguage\":\"tr\"},{\"@type\":\"Organization\",\"@id\":\"https:\/\/corludahaber.com\/h\/#organization\",\"name\":\"\u00c7orlu'da Haber\",\"url\":\"https:\/\/corludahaber.com\/h\/\",\"logo\":{\"@type\":\"ImageObject\",\"inLanguage\":\"tr\",\"@id\":\"https:\/\/corludahaber.com\/h\/#\/schema\/logo\/image\/\",\"url\":\"https:\/\/corludahaber.com\/h\/wp-content\/uploads\/2021\/12\/logo__9__1_-removebg-preview.png\",\"contentUrl\":\"https:\/\/corludahaber.com\/h\/wp-content\/uploads\/2021\/12\/logo__9__1_-removebg-preview.png\",\"width\":500,\"height\":157,\"caption\":\"\u00c7orlu'da Haber\"},\"image\":{\"@id\":\"https:\/\/corludahaber.com\/h\/#\/schema\/logo\/image\/\"},\"sameAs\":[\"https:\/\/facebook.com\/habercorluda\",\"https:\/\/x.com\/habercorluda\",\"https:\/\/www.instagram.com\/corludahaber\",\"https:\/\/www.youtube.com\/user\/corludahaber\"]}]}<\/script>\n<!-- \/ Yoast SEO Premium plugin. -->","yoast_head_json":{"title":"\u00dccretsiz Canva, Free Canva, \u0643\u0627\u0646\u0641\u0627 \u0645\u062c\u0627\u0646\u064a, \u09ab\u09cd\u09b0\u09bf \u0995\u09cd\u09af\u09be\u09a8\u09ad\u09be, Kostenloses Canva \u2764\ufe0f | \u00c7orlu&#039;da Haber","robots":{"index":"index","follow":"follow","max-snippet":"max-snippet:-1","max-image-preview":"max-image-preview:large","max-video-preview":"max-video-preview:-1"},"canonical":"https:\/\/corludahaber.com\/h\/ucretsiz-canva","og_locale":"tr_TR","og_type":"article","og_title":"\u00dccretsiz Canva, Free Canva, \u0643\u0627\u0646\u0641\u0627 \u0645\u062c\u0627\u0646\u064a, \u09ab\u09cd\u09b0\u09bf \u0995\u09cd\u09af\u09be\u09a8\u09ad\u09be, Kostenloses Canva \u2764\ufe0f","og_description":"Merhaba, telegram kanal\u0131m\u0131zdan buraya y\u00f6nlendrildiniz. \u00dccretsiz Canva davet ba\u011flant\u0131s\u0131 almak i\u00e7in a\u015fa\u011f\u0131da bulunan butona bas\u0131n. \u00dccretsiz verdi\u011fimiz bu hizmet i\u00e7in sizden herhangi bir para talep etmiyoruz. Sadece reklama t\u0131klayarak bize destek olun. Ajans \u00c7orlu&#8216;yu seviyoruz \u2764\ufe0f Hello, you have been redirected here from our Telegram channel. To get a free Canva invitation link, click the &hellip;","og_url":"https:\/\/corludahaber.com\/h\/ucretsiz-canva","og_site_name":"\u00c7orlu&#039;da Haber","article_publisher":"https:\/\/facebook.com\/habercorluda","article_modified_time":"2024-09-21T20:29:32+00:00","og_image":[{"width":739,"height":415,"url":"https:\/\/corludahaber.com\/h\/wp-content\/uploads\/2024\/08\/images-5-3-jpeg.webp","type":"image\/jpeg"}],"twitter_card":"summary_large_image","twitter_site":"@habercorluda","twitter_misc":{"Tahmini okuma s\u00fcresi":"2 dakika"},"schema":{"@context":"https:\/\/schema.org","@graph":[{"@type":"WebPage","@id":"https:\/\/corludahaber.com\/h\/ucretsiz-canva","url":"https:\/\/corludahaber.com\/h\/ucretsiz-canva","name":"\u00dccretsiz Canva, Free Canva, \u0643\u0627\u0646\u0641\u0627 \u0645\u062c\u0627\u0646\u064a, \u09ab\u09cd\u09b0\u09bf \u0995\u09cd\u09af\u09be\u09a8\u09ad\u09be, Kostenloses Canva \u2764\ufe0f | \u00c7orlu&#039;da Haber","isPartOf":{"@id":"https:\/\/corludahaber.com\/h\/#website"},"primaryImageOfPage":{"@id":"https:\/\/corludahaber.com\/h\/ucretsiz-canva#primaryimage"},"image":{"@id":"https:\/\/corludahaber.com\/h\/ucretsiz-canva#primaryimage"},"thumbnailUrl":"https:\/\/corludahaber.com\/h\/wp-content\/uploads\/2024\/08\/images-5-3-jpeg.webp","datePublished":"2024-08-27T21:59:42+00:00","dateModified":"2024-09-21T20:29:32+00:00","breadcrumb":{"@id":"https:\/\/corludahaber.com\/h\/ucretsiz-canva#breadcrumb"},"inLanguage":"tr","potentialAction":[{"@type":"ReadAction","target":["https:\/\/corludahaber.com\/h\/ucretsiz-canva"]}]},{"@type":"ImageObject","inLanguage":"tr","@id":"https:\/\/corludahaber.com\/h\/ucretsiz-canva#primaryimage","url":"https:\/\/corludahaber.com\/h\/wp-content\/uploads\/2024\/08\/images-5-3-jpeg.webp","contentUrl":"https:\/\/corludahaber.com\/h\/wp-content\/uploads\/2024\/08\/images-5-3-jpeg.webp","width":739,"height":415},{"@type":"BreadcrumbList","@id":"https:\/\/corludahaber.com\/h\/ucretsiz-canva#breadcrumb","itemListElement":[{"@type":"ListItem","position":1,"name":"Anasayfa","item":"https:\/\/corludahaber.com\/h\/"},{"@type":"ListItem","position":2,"name":"\u00dccretsiz Canva, Free Canva, \u0643\u0627\u0646\u0641\u0627 \u0645\u062c\u0627\u0646\u064a, \u09ab\u09cd\u09b0\u09bf \u0995\u09cd\u09af\u09be\u09a8\u09ad\u09be, Kostenloses Canva \u2764\ufe0f"}]},{"@type":"WebSite","@id":"https:\/\/corludahaber.com\/h\/#website","url":"https:\/\/corludahaber.com\/h\/","name":"\u00c7orlu'da Haber","description":"Ger\u00e7ek Tarafs\u0131z Haber","publisher":{"@id":"https:\/\/corludahaber.com\/h\/#organization"},"potentialAction":[{"@type":"SearchAction","target":{"@type":"EntryPoint","urlTemplate":"https:\/\/corludahaber.com\/h\/?s={search_term_string}"},"query-input":"required name=search_term_string"}],"inLanguage":"tr"},{"@type":"Organization","@id":"https:\/\/corludahaber.com\/h\/#organization","name":"\u00c7orlu'da Haber","url":"https:\/\/corludahaber.com\/h\/","logo":{"@type":"ImageObject","inLanguage":"tr","@id":"https:\/\/corludahaber.com\/h\/#\/schema\/logo\/image\/","url":"https:\/\/corludahaber.com\/h\/wp-content\/uploads\/2021\/12\/logo__9__1_-removebg-preview.png","contentUrl":"https:\/\/corludahaber.com\/h\/wp-content\/uploads\/2021\/12\/logo__9__1_-removebg-preview.png","width":500,"height":157,"caption":"\u00c7orlu'da Haber"},"image":{"@id":"https:\/\/corludahaber.com\/h\/#\/schema\/logo\/image\/"},"sameAs":["https:\/\/facebook.com\/habercorluda","https:\/\/x.com\/habercorluda","https:\/\/www.instagram.com\/corludahaber","https:\/\/www.youtube.com\/user\/corludahaber"]}]}},"_links":{"self":[{"href":"https:\/\/corludahaber.com\/h\/wp-json\/wp\/v2\/pages\/89319","targetHints":{"allow":["GET"]}}],"collection":[{"href":"https:\/\/corludahaber.com\/h\/wp-json\/wp\/v2\/pages"}],"about":[{"href":"https:\/\/corludahaber.com\/h\/wp-json\/wp\/v2\/types\/page"}],"author":[{"embeddable":true,"href":"https:\/\/corludahaber.com\/h\/wp-json\/wp\/v2\/users\/151"}],"replies":[{"embeddable":true,"href":"https:\/\/corludahaber.com\/h\/wp-json\/wp\/v2\/comments?post=89319"}],"version-history":[{"count":0,"href":"https:\/\/corludahaber.com\/h\/wp-json\/wp\/v2\/pages\/89319\/revisions"}],"wp:featuredmedia":[{"embeddable":true,"href":"https:\/\/corludahaber.com\/h\/wp-json\/wp\/v2\/media\/89217"}],"wp:attachment":[{"href":"https:\/\/corludahaber.com\/h\/wp-json\/wp\/v2\/media?parent=89319"}],"curies":[{"name":"wp","href":"https:\/\/api.w.org\/{rel}","templated":true}]}}